{"id":174,"date":"2021-06-04T18:48:52","date_gmt":"2021-06-04T16:48:52","guid":{"rendered":"http:\/\/vetoblanc.com\/?page_id=174"},"modified":"2022-01-22T09:21:16","modified_gmt":"2022-01-22T08:21:16","slug":"accueil","status":"publish","type":"page","link":"https:\/\/vetoblanc.com\/","title":{"rendered":"Vet&rsquo;O&rsquo;Blanc"},"content":{"rendered":"\n<p>Exer\u00e7ant depuis plus de 15 ans \u00e0 Le Blanc, les Docteurs Delanghe et Drecq ont ouvert en 2021 le Cabinet V\u00e9t\u00e9rinaire M\u00e9dico Chirurgical Vet&rsquo;O&rsquo;Blanc afin d&rsquo;offrir \u00e0 leur client\u00e8le confort et praticit\u00e9.<\/p>\n\n\n\n<p>Assist\u00e9s de trois auxiliaires v\u00e9t\u00e9rinaires, nos v\u00e9t\u00e9rinaires mettent leur exp\u00e9rience en commun pour prendre soin de vos animaux. Nous intervenons \u00e9galement en zone rurale, aupr\u00e8s des \u00e9leveurs, \u00e0 45 kilom\u00e8tres autour du Blanc.<\/p>\n\n\n\n<p>Bienveillants et \u00e0 votre \u00e9coute, vous trouverez dans notre structure un large choix de services de soins pour animaux :<\/p>\n\n\n\n<ul><li><strong>M\u00e9decine classique<\/strong><\/li><li><strong>M\u00e9decine pr\u00e9ventive<\/strong><\/li><li><strong>Dentisterie<\/strong><\/li><li><strong>Imagerie et Analyses<\/strong><\/li><\/ul>\n\n\n\n<ul><li><strong>Chirurgie des tissus mous<\/strong><\/li><li><strong>Chirurgie d\u2019urgence<\/strong><\/li><li><strong>Balance en libre service<\/strong><\/li><\/ul>\n\n\n\n<p><\/p>\n\n\n\n<h2><\/h2>\n\n\n\n<p><\/p>\n\n\n\n<h3><\/h3>\n\n\n\n<p><\/p>\n\n\n\n<h3><\/h3>\n\n\n\n<p><\/p>\n\n\n\n<h3><\/h3>\n\n\n\n<p><\/p>\n\n\n\n<h3><\/h3>\n\n\n\n<p><\/p>\n","protected":false},"excerpt":{"rendered":"<p>Exer\u00e7ant depuis plus de 15 ans \u00e0 Le Blanc, les Docteurs Delanghe et Drecq ont ouvert en 2021 le Cabinet V\u00e9t\u00e9rinaire M\u00e9dico Chirurgical Vet&rsquo;O&rsquo;Blanc afin d&rsquo;offrir \u00e0 leur client\u00e8le confort et praticit\u00e9. Assist\u00e9s de trois auxiliaires v\u00e9t\u00e9rinaires, nos v\u00e9t\u00e9rinaires mettent leur exp\u00e9rience en commun pour prendre soin de vos animaux. Nous intervenons \u00e9galement en zone &hellip; <\/p>\n<p class=\"link-more\"><a href=\"https:\/\/vetoblanc.com\/\" class=\"more-link\">Continuer la lecture<span class=\"screen-reader-text\"> de &laquo;&nbsp;Vet&rsquo;O&rsquo;Blanc&nbsp;&raquo;<\/span><\/a><\/p>\n","protected":false},"author":1,"featured_media":82,"parent":0,"menu_order":0,"comment_status":"closed","ping_status":"closed","template":"","meta":[],"_links":{"self":[{"href":"https:\/\/vetoblanc.com\/index.php\/wp-json\/wp\/v2\/pages\/174"}],"collection":[{"href":"https:\/\/vetoblanc.com\/index.php\/wp-json\/wp\/v2\/pages"}],"about":[{"href":"https:\/\/vetoblanc.com\/index.php\/wp-json\/wp\/v2\/types\/page"}],"author":[{"embeddable":true,"href":"https:\/\/vetoblanc.com\/index.php\/wp-json\/wp\/v2\/users\/1"}],"replies":[{"embeddable":true,"href":"https:\/\/vetoblanc.com\/index.php\/wp-json\/wp\/v2\/comments?post=174"}],"version-history":[{"count":3,"href":"https:\/\/vetoblanc.com\/index.php\/wp-json\/wp\/v2\/pages\/174\/revisions"}],"predecessor-version":[{"id":289,"href":"https:\/\/vetoblanc.com\/index.php\/wp-json\/wp\/v2\/pages\/174\/revisions\/289"}],"wp:featuredmedia":[{"embeddable":true,"href":"https:\/\/vetoblanc.com\/index.php\/wp-json\/wp\/v2\/media\/82"}],"wp:attachment":[{"href":"https:\/\/vetoblanc.com\/index.php\/wp-json\/wp\/v2\/media?parent=174"}],"curies":[{"name":"wp","href":"https:\/\/api.w.org\/{rel}","templated":true}]}}