{"id":249,"date":"2021-06-08T18:55:37","date_gmt":"2021-06-08T16:55:37","guid":{"rendered":"http:\/\/vetoblanc.com\/?page_id=249"},"modified":"2021-06-18T16:06:25","modified_gmt":"2021-06-18T14:06:25","slug":"chronovet","status":"publish","type":"page","link":"https:\/\/vetoblanc.com\/index.php\/chronovet\/","title":{"rendered":"Chronovet"},"content":{"rendered":"\n<figure class=\"wp-block-image size-large\"><img loading=\"lazy\" width=\"184\" height=\"131\" src=\"http:\/\/vetoblanc.com\/wp-content\/uploads\/2021\/06\/chronovet-logo-1581928038.png\" alt=\"\" class=\"wp-image-233\"\/><figcaption><a href=\"https:\/\/www.chronovet.fr\/\" data-type=\"URL\" data-id=\"https:\/\/www.chronovet.fr\/\">https:\/\/www.chronovet.fr\/<\/a><\/figcaption><\/figure>\n\n\n\n<p>Vet&rsquo;0&rsquo;Blanc est partenaire de Chronovet !!<\/p>\n\n\n\n<p>Chronovet est une&nbsp;boutique v\u00e9t\u00e9rinaire en ligne&nbsp;sp\u00e9cialis\u00e9e dans la vente de produits v\u00e9t\u00e9rinaires et d\u2019alimentation pour animaux de compagnie.<\/p>\n\n\n\n<p id=\"block-da67624c-91f4-4090-b79a-eced09df6255\">D\u00e9couvrez notre gamme de produits pour chiens, chats, lapins, rongeurs,&nbsp;furets, chevaux, oiseaux, et reptiles.<\/p>\n\n\n\n<p id=\"block-d7331c14-26b4-426e-8409-f7b0184f769a\">Nos\u00a0v\u00e9t\u00e9rinaires et assistantes v\u00e9t\u00e9rinaires sp\u00e9cialis\u00e9es,  partenaire Chronovet, vous conseillent dans le choix des aliments et l&rsquo;utilisation des produits pour votre animal de compagnie.<\/p>\n\n\n\n<p id=\"block-0a9882bd-dd35-469c-bd02-c0dff0557f18\">Notre s\u00e9lection de produits\u00a0regroupe les plus grandes marques disponibles en clinique v\u00e9t\u00e9rinaire : Hill\u2019s, Proplan Purina, Specific, Virbac, Royal Canin, Supreme Petfoods, Audevard, Equistro, etc&#8230;<\/p>\n\n\n\n<p>Lors de la cr\u00e9ation de votre compte client sur Chronovet.fr , sur l&rsquo;onglet connexion, vous pouvez choisir notre clinique v\u00e9t\u00e9rinaire.  La livraison de votre commande au cabinet Vet&rsquo;O&rsquo;Blanc, quel que soit son montant, sera gratuite!!                                                                        Vous pourrez donc passer r\u00e9cup\u00e9rer votre commande quand vous le souhaitez pendant nos heures d&rsquo;ouverture!<\/p>\n\n\n\n<figure class=\"wp-block-image size-large\"><img loading=\"lazy\" width=\"929\" height=\"1024\" src=\"http:\/\/vetoblanc.com\/wp-content\/uploads\/2021\/06\/IMG_20210618_155925_edit_301631655637306-929x1024.jpg\" alt=\"\" class=\"wp-image-260\" srcset=\"https:\/\/vetoblanc.com\/wp-content\/uploads\/2021\/06\/IMG_20210618_155925_edit_301631655637306-929x1024.jpg 929w, https:\/\/vetoblanc.com\/wp-content\/uploads\/2021\/06\/IMG_20210618_155925_edit_301631655637306-272x300.jpg 272w, https:\/\/vetoblanc.com\/wp-content\/uploads\/2021\/06\/IMG_20210618_155925_edit_301631655637306-768x847.jpg 768w, https:\/\/vetoblanc.com\/wp-content\/uploads\/2021\/06\/IMG_20210618_155925_edit_301631655637306-1393x1536.jpg 1393w, https:\/\/vetoblanc.com\/wp-content\/uploads\/2021\/06\/IMG_20210618_155925_edit_301631655637306-1857x2048.jpg 1857w\" sizes=\"(max-width: 767px) 89vw, (max-width: 1000px) 54vw, (max-width: 1071px) 543px, 580px\" \/><figcaption>seg_vivi<\/figcaption><\/figure>\n\n\n\n<p id=\"block-f0dad4b5-423b-4500-8d88-75dd0a440813\">Contactez\u00a0notre \u00e9quipe, la plus apte \u00e0 vous conseiller dans votre choix d&rsquo;achat!<\/p>\n","protected":false},"excerpt":{"rendered":"<p>Vet&rsquo;0&rsquo;Blanc est partenaire de Chronovet !! Chronovet est une&nbsp;boutique v\u00e9t\u00e9rinaire en ligne&nbsp;sp\u00e9cialis\u00e9e dans la vente de produits v\u00e9t\u00e9rinaires et d\u2019alimentation pour animaux de compagnie. D\u00e9couvrez notre gamme de produits pour chiens, chats, lapins, rongeurs,&nbsp;furets, chevaux, oiseaux, et reptiles. Nos\u00a0v\u00e9t\u00e9rinaires et assistantes v\u00e9t\u00e9rinaires sp\u00e9cialis\u00e9es, partenaire Chronovet, vous conseillent dans le choix des aliments et l&rsquo;utilisation des &hellip; <\/p>\n<p class=\"link-more\"><a href=\"https:\/\/vetoblanc.com\/index.php\/chronovet\/\" class=\"more-link\">Continuer la lecture<span class=\"screen-reader-text\"> de &laquo;&nbsp;Chronovet&nbsp;&raquo;<\/span><\/a><\/p>\n","protected":false},"author":1,"featured_media":0,"parent":0,"menu_order":0,"comment_status":"closed","ping_status":"closed","template":"","meta":[],"_links":{"self":[{"href":"https:\/\/vetoblanc.com\/index.php\/wp-json\/wp\/v2\/pages\/249"}],"collection":[{"href":"https:\/\/vetoblanc.com\/index.php\/wp-json\/wp\/v2\/pages"}],"about":[{"href":"https:\/\/vetoblanc.com\/index.php\/wp-json\/wp\/v2\/types\/page"}],"author":[{"embeddable":true,"href":"https:\/\/vetoblanc.com\/index.php\/wp-json\/wp\/v2\/users\/1"}],"replies":[{"embeddable":true,"href":"https:\/\/vetoblanc.com\/index.php\/wp-json\/wp\/v2\/comments?post=249"}],"version-history":[{"count":5,"href":"https:\/\/vetoblanc.com\/index.php\/wp-json\/wp\/v2\/pages\/249\/revisions"}],"predecessor-version":[{"id":261,"href":"https:\/\/vetoblanc.com\/index.php\/wp-json\/wp\/v2\/pages\/249\/revisions\/261"}],"wp:attachment":[{"href":"https:\/\/vetoblanc.com\/index.php\/wp-json\/wp\/v2\/media?parent=249"}],"curies":[{"name":"wp","href":"https:\/\/api.w.org\/{rel}","templated":true}]}}