{"id":267,"date":"2021-09-20T09:01:40","date_gmt":"2021-09-20T07:01:40","guid":{"rendered":"http:\/\/vetoblanc.com\/?page_id=267"},"modified":"2021-09-20T09:06:58","modified_gmt":"2021-09-20T07:06:58","slug":"actualites-2","status":"publish","type":"page","link":"https:\/\/vetoblanc.com\/index.php\/actualites-2\/","title":{"rendered":"Actualit\u00e9s"},"content":{"rendered":"\n<p><strong>R\u00e9union d&rsquo;information sur la D\u00e9marche diagnostique en \u00e9levage le mardi 28 septembre<\/strong><\/p>\n\n\n\n<p>Venez nombreux \u00e0 la r\u00e9union d&rsquo;information sur la d\u00e9marche diagnostique en \u00e9levage anim\u00e9e par les Dr Drecq Fran\u00e7ois et Petermann Julie (GDMA) le mardi 28 septembre \u00e0 14h \u00e0 la salle des Associations de Pouligny-Saint-Pierre. L&rsquo;ann\u00e9e derni\u00e8re, il avait fallu composer avec la situation sanitaire et r\u00e9aliser une visio-conf\u00e9rence. Profitons de cette r\u00e9union en pr\u00e9sentiel pour \u00e9changer et renouer avec convivialit\u00e9!<\/p>\n\n\n\n<p><strong> <\/strong><\/p>\n\n\n\n<figure class=\"wp-block-image size-large\"><img loading=\"lazy\" width=\"724\" height=\"1024\" src=\"http:\/\/vetoblanc.com\/wp-content\/uploads\/2021\/09\/reunion-rurale-724x1024.jpg\" alt=\"\" class=\"wp-image-268\" srcset=\"https:\/\/vetoblanc.com\/wp-content\/uploads\/2021\/09\/reunion-rurale-724x1024.jpg 724w, https:\/\/vetoblanc.com\/wp-content\/uploads\/2021\/09\/reunion-rurale-212x300.jpg 212w, https:\/\/vetoblanc.com\/wp-content\/uploads\/2021\/09\/reunion-rurale-768x1086.jpg 768w, https:\/\/vetoblanc.com\/wp-content\/uploads\/2021\/09\/reunion-rurale-1086x1536.jpg 1086w, https:\/\/vetoblanc.com\/wp-content\/uploads\/2021\/09\/reunion-rurale-1448x2048.jpg 1448w, https:\/\/vetoblanc.com\/wp-content\/uploads\/2021\/09\/reunion-rurale.jpg 1716w\" sizes=\"(max-width: 724px) 100vw, 724px\" \/><\/figure>\n","protected":false},"excerpt":{"rendered":"<p>R\u00e9union d&rsquo;information sur la D\u00e9marche diagnostique en \u00e9levage le mardi 28 septembre Venez nombreux \u00e0 la r\u00e9union d&rsquo;information sur la d\u00e9marche diagnostique en \u00e9levage anim\u00e9e par les Dr Drecq Fran\u00e7ois et Petermann Julie (GDMA) le mardi 28 septembre \u00e0 14h \u00e0 la salle des Associations de Pouligny-Saint-Pierre. L&rsquo;ann\u00e9e derni\u00e8re, il avait fallu composer avec la &hellip; <\/p>\n<p class=\"link-more\"><a href=\"https:\/\/vetoblanc.com\/index.php\/actualites-2\/\" class=\"more-link\">Continuer la lecture<span class=\"screen-reader-text\"> de &laquo;&nbsp;Actualit\u00e9s&nbsp;&raquo;<\/span><\/a><\/p>\n","protected":false},"author":1,"featured_media":0,"parent":0,"menu_order":0,"comment_status":"closed","ping_status":"closed","template":"","meta":[],"_links":{"self":[{"href":"https:\/\/vetoblanc.com\/index.php\/wp-json\/wp\/v2\/pages\/267"}],"collection":[{"href":"https:\/\/vetoblanc.com\/index.php\/wp-json\/wp\/v2\/pages"}],"about":[{"href":"https:\/\/vetoblanc.com\/index.php\/wp-json\/wp\/v2\/types\/page"}],"author":[{"embeddable":true,"href":"https:\/\/vetoblanc.com\/index.php\/wp-json\/wp\/v2\/users\/1"}],"replies":[{"embeddable":true,"href":"https:\/\/vetoblanc.com\/index.php\/wp-json\/wp\/v2\/comments?post=267"}],"version-history":[{"count":2,"href":"https:\/\/vetoblanc.com\/index.php\/wp-json\/wp\/v2\/pages\/267\/revisions"}],"predecessor-version":[{"id":278,"href":"https:\/\/vetoblanc.com\/index.php\/wp-json\/wp\/v2\/pages\/267\/revisions\/278"}],"wp:attachment":[{"href":"https:\/\/vetoblanc.com\/index.php\/wp-json\/wp\/v2\/media?parent=267"}],"curies":[{"name":"wp","href":"https:\/\/api.w.org\/{rel}","templated":true}]}}